{"id":3389,"date":"2023-01-25T11:44:14","date_gmt":"2023-01-25T10:44:14","guid":{"rendered":"https:\/\/www.helengailey.com\/politique-en-matiere-de-cookies\/"},"modified":"2024-01-18T15:19:11","modified_gmt":"2024-01-18T14:19:11","slug":"politique-en-matiere-de-cookies","status":"publish","type":"page","link":"https:\/\/www.helengailey.com\/fr\/politique-en-matiere-de-cookies\/","title":{"rendered":"Politique en mati\u00e8re de cookies"},"content":{"rendered":"<p>[vc_row][vc_column][vc_column_text]<\/p>\n<h1 data-pm-slice=\"1 1 []\" data-en-clipboard=\"true\">Politique en mati\u00e8re de cookies<\/h1>\n<div>Nous utilisons des cookies pour suivre votre utilisation de notre site web.<\/div>\n<div>En visitant le site web <a href=\"http:\/\/www.helengailey.com\" rev=\"en_rl_none\">www.helengailey.com<\/a> , <a href=\"http:\/\/www.rebuild2win.com\" rev=\"en_rl_none\">www.rebuild2win.com<\/a> ou des sous-domaines, des cookies sont plac\u00e9s sur votre ordinateur. Cela nous permet de comprendre comment vous utilisez le site et de suivre les tendances de votre utilisation du site. Cela nous aide \u00e0 d\u00e9velopper et \u00e0 am\u00e9liorer notre site web ainsi que nos produits et\/ou services en fonction de vos besoins ou de vos envies.<\/div>\n<div>C&rsquo;est quoi un cookie ?<\/div>\n<div>Un \u00ab\u00a0cookie\u00a0\u00bb est un \u00e9l\u00e9ment d&rsquo;information qui est stock\u00e9 sur le disque dur de votre ordinateur et qui enregistre la mani\u00e8re dont vous vous d\u00e9placez sur un site web afin que, lorsque vous revenez sur ce site, il puisse vous pr\u00e9senter des options personnalis\u00e9es bas\u00e9es sur les informations stock\u00e9es concernant votre derni\u00e8re visite. Les cookies peuvent \u00e9galement \u00eatre utilis\u00e9s pour analyser le trafic et \u00e0 des fins de publicit\u00e9 et de marketing.<\/div>\n<div>Les cookies sont utilis\u00e9s par presque tous les sites web et ne nuisent pas \u00e0 votre syst\u00e8me.<\/div>\n<div>Si vous souhaitez v\u00e9rifier ou modifier les types de cookies que vous acceptez, vous pouvez g\u00e9n\u00e9ralement le faire dans les param\u00e8tres de votre navigateur. Vous pouvez bloquer les cookies \u00e0 tout moment en activant le param\u00e8tre de votre navigateur qui vous permet de refuser la mise en place de tout ou partie des cookies. Toutefois, si vous utilisez les param\u00e8tres de votre navigateur pour bloquer tous les cookies (y compris les cookies essentiels), il se peut que vous ne puissiez pas acc\u00e9der \u00e0 tout ou partie de notre site.<\/div>\n<div>Cookies de session : ils ne sont stock\u00e9s sur votre ordinateur que pendant votre session web et sont automatiquement supprim\u00e9s lorsque vous fermez votre navigateur &#8211; ils stockent g\u00e9n\u00e9ralement un identifiant de session anonyme vous permettant de naviguer sur un site web sans avoir \u00e0 vous connecter \u00e0 chaque page, mais ils ne collectent aucune donn\u00e9e personnelle sur votre ordinateur ; ou<\/div>\n<div>Cookies persistants : un cookie persistant est stock\u00e9 sous forme de fichier sur votre ordinateur et y reste lorsque vous fermez votre navigateur web. Le cookie peut \u00eatre lu par le site web qui l&rsquo;a cr\u00e9\u00e9 lorsque vous visitez \u00e0 nouveau ce site web. Nous utilisons des cookies persistants pour Google Analytics.<\/div>\n<div>Veuillez noter que les tiers qui font de la publicit\u00e9 sur notre site web (y compris, par exemple, les r\u00e9seaux publicitaires et les fournisseurs de services externes tels que les services d&rsquo;analyse du trafic web) peuvent \u00e9galement utiliser des cookies, sur lesquels nous n&rsquo;avons aucun contr\u00f4le. Ces cookies sont susceptibles d&rsquo;\u00eatre des cookies analytiques\/de performance ou des cookies de ciblage.<\/div>\n<div>Vous pouvez consulter les cookies qui sont utilis\u00e9s ici.<\/div>\n<div>Derni\u00e8re mise \u00e0 jour : Janvier 2021<\/div>\n<p>[\/vc_column_text][\/vc_column][\/vc_row]<\/p>\n","protected":false},"excerpt":{"rendered":"<p>[vc_row][vc_column][vc_column_text] Politique en mati\u00e8re de cookies Nous utilisons des cookies pour suivre votre utilisation de notre site web. En visitant le site web www.helengailey.com , www.rebuild2win.com ou des sous-domaines, des cookies sont plac\u00e9s sur votre ordinateur. Cela nous permet de comprendre comment vous utilisez le site et de suivre les tendances de votre utilisation du&hellip;<\/p>\n","protected":false},"author":3,"featured_media":0,"parent":0,"menu_order":0,"comment_status":"closed","ping_status":"open","template":"","meta":{"footnotes":""},"class_list":["post-3389","page","type-page","status-publish","hentry","description-off"],"yoast_head":"<!-- This site is optimized with the Yoast SEO plugin v27.6 - https:\/\/yoast.com\/product\/yoast-seo-wordpress\/ -->\n<title>Politique en mati\u00e8re de cookies - Helen Gailey<\/title>\n<meta name=\"robots\" content=\"index, follow, max-snippet:-1, max-image-preview:large, max-video-preview:-1\" \/>\n<link rel=\"canonical\" href=\"https:\/\/www.helengailey.com\/fr\/politique-en-matiere-de-cookies\/\" \/>\n<meta property=\"og:locale\" content=\"fr_FR\" \/>\n<meta property=\"og:type\" content=\"article\" \/>\n<meta property=\"og:title\" content=\"Politique en mati\u00e8re de cookies - Helen Gailey\" \/>\n<meta property=\"og:description\" content=\"[vc_row][vc_column][vc_column_text] Politique en mati\u00e8re de cookies Nous utilisons des cookies pour suivre votre utilisation de notre site web. En visitant le site web www.helengailey.com , www.rebuild2win.com ou des sous-domaines, des cookies sont plac\u00e9s sur votre ordinateur. Cela nous permet de comprendre comment vous utilisez le site et de suivre les tendances de votre utilisation du&hellip;\" \/>\n<meta property=\"og:url\" content=\"https:\/\/www.helengailey.com\/fr\/politique-en-matiere-de-cookies\/\" \/>\n<meta property=\"og:site_name\" content=\"Helen Gailey\" \/>\n<meta property=\"article:publisher\" content=\"https:\/\/www.facebook.com\/HelenGaileyConsulting\" \/>\n<meta property=\"article:modified_time\" content=\"2024-01-18T14:19:11+00:00\" \/>\n<meta property=\"og:image\" content=\"https:\/\/www.helengailey.com\/wp-content\/uploads\/2020\/11\/HelenGailey-1500x1000px.jpg\" \/>\n\t<meta property=\"og:image:width\" content=\"1500\" \/>\n\t<meta property=\"og:image:height\" content=\"1000\" \/>\n\t<meta property=\"og:image:type\" content=\"image\/jpeg\" \/>\n<meta name=\"twitter:card\" content=\"summary_large_image\" \/>\n<meta name=\"twitter:site\" content=\"@HCGailey\" \/>\n<meta name=\"twitter:label1\" content=\"Dur\u00e9e de lecture estim\u00e9e\" \/>\n\t<meta name=\"twitter:data1\" content=\"2 minutes\" \/>\n<script type=\"application\/ld+json\" class=\"yoast-schema-graph\">{\"@context\":\"https:\\\/\\\/schema.org\",\"@graph\":[{\"@type\":\"WebPage\",\"@id\":\"https:\\\/\\\/www.helengailey.com\\\/fr\\\/politique-en-matiere-de-cookies\\\/\",\"url\":\"https:\\\/\\\/www.helengailey.com\\\/fr\\\/politique-en-matiere-de-cookies\\\/\",\"name\":\"Politique en mati\u00e8re de cookies - Helen Gailey\",\"isPartOf\":{\"@id\":\"https:\\\/\\\/www.helengailey.com\\\/fr\\\/#website\"},\"datePublished\":\"2023-01-25T10:44:14+00:00\",\"dateModified\":\"2024-01-18T14:19:11+00:00\",\"breadcrumb\":{\"@id\":\"https:\\\/\\\/www.helengailey.com\\\/fr\\\/politique-en-matiere-de-cookies\\\/#breadcrumb\"},\"inLanguage\":\"fr-FR\",\"potentialAction\":[{\"@type\":\"ReadAction\",\"target\":[\"https:\\\/\\\/www.helengailey.com\\\/fr\\\/politique-en-matiere-de-cookies\\\/\"]}]},{\"@type\":\"BreadcrumbList\",\"@id\":\"https:\\\/\\\/www.helengailey.com\\\/fr\\\/politique-en-matiere-de-cookies\\\/#breadcrumb\",\"itemListElement\":[{\"@type\":\"ListItem\",\"position\":1,\"name\":\"Home\",\"item\":\"https:\\\/\\\/www.helengailey.com\\\/fr\\\/qui-est-helen\\\/\"},{\"@type\":\"ListItem\",\"position\":2,\"name\":\"Politique en mati\u00e8re de cookies\"}]},{\"@type\":\"WebSite\",\"@id\":\"https:\\\/\\\/www.helengailey.com\\\/fr\\\/#website\",\"url\":\"https:\\\/\\\/www.helengailey.com\\\/fr\\\/\",\"name\":\"Helen Gailey\",\"description\":\"Resilience. Experience. Becoming me.\",\"publisher\":{\"@id\":\"https:\\\/\\\/www.helengailey.com\\\/fr\\\/#organization\"},\"potentialAction\":[{\"@type\":\"SearchAction\",\"target\":{\"@type\":\"EntryPoint\",\"urlTemplate\":\"https:\\\/\\\/www.helengailey.com\\\/fr\\\/?s={search_term_string}\"},\"query-input\":{\"@type\":\"PropertyValueSpecification\",\"valueRequired\":true,\"valueName\":\"search_term_string\"}}],\"inLanguage\":\"fr-FR\"},{\"@type\":\"Organization\",\"@id\":\"https:\\\/\\\/www.helengailey.com\\\/fr\\\/#organization\",\"name\":\"Helen C Gailey\",\"url\":\"https:\\\/\\\/www.helengailey.com\\\/fr\\\/\",\"logo\":{\"@type\":\"ImageObject\",\"inLanguage\":\"fr-FR\",\"@id\":\"https:\\\/\\\/www.helengailey.com\\\/fr\\\/#\\\/schema\\\/logo\\\/image\\\/\",\"url\":\"https:\\\/\\\/www.helengailey.com\\\/wp-content\\\/uploads\\\/revslider\\\/the7-coffee-slider-1\\\/helen-logo.png\",\"contentUrl\":\"https:\\\/\\\/www.helengailey.com\\\/wp-content\\\/uploads\\\/revslider\\\/the7-coffee-slider-1\\\/helen-logo.png\",\"width\":603,\"height\":803,\"caption\":\"Helen C Gailey\"},\"image\":{\"@id\":\"https:\\\/\\\/www.helengailey.com\\\/fr\\\/#\\\/schema\\\/logo\\\/image\\\/\"},\"sameAs\":[\"https:\\\/\\\/www.facebook.com\\\/HelenGaileyConsulting\",\"https:\\\/\\\/x.com\\\/HCGailey\"]}]}<\/script>\n<!-- \/ Yoast SEO plugin. -->","yoast_head_json":{"title":"Politique en mati\u00e8re de cookies - Helen Gailey","robots":{"index":"index","follow":"follow","max-snippet":"max-snippet:-1","max-image-preview":"max-image-preview:large","max-video-preview":"max-video-preview:-1"},"canonical":"https:\/\/www.helengailey.com\/fr\/politique-en-matiere-de-cookies\/","og_locale":"fr_FR","og_type":"article","og_title":"Politique en mati\u00e8re de cookies - Helen Gailey","og_description":"[vc_row][vc_column][vc_column_text] Politique en mati\u00e8re de cookies Nous utilisons des cookies pour suivre votre utilisation de notre site web. En visitant le site web www.helengailey.com , www.rebuild2win.com ou des sous-domaines, des cookies sont plac\u00e9s sur votre ordinateur. Cela nous permet de comprendre comment vous utilisez le site et de suivre les tendances de votre utilisation du&hellip;","og_url":"https:\/\/www.helengailey.com\/fr\/politique-en-matiere-de-cookies\/","og_site_name":"Helen Gailey","article_publisher":"https:\/\/www.facebook.com\/HelenGaileyConsulting","article_modified_time":"2024-01-18T14:19:11+00:00","og_image":[{"width":1500,"height":1000,"url":"https:\/\/www.helengailey.com\/wp-content\/uploads\/2020\/11\/HelenGailey-1500x1000px.jpg","type":"image\/jpeg"}],"twitter_card":"summary_large_image","twitter_site":"@HCGailey","twitter_misc":{"Dur\u00e9e de lecture estim\u00e9e":"2 minutes"},"schema":{"@context":"https:\/\/schema.org","@graph":[{"@type":"WebPage","@id":"https:\/\/www.helengailey.com\/fr\/politique-en-matiere-de-cookies\/","url":"https:\/\/www.helengailey.com\/fr\/politique-en-matiere-de-cookies\/","name":"Politique en mati\u00e8re de cookies - Helen Gailey","isPartOf":{"@id":"https:\/\/www.helengailey.com\/fr\/#website"},"datePublished":"2023-01-25T10:44:14+00:00","dateModified":"2024-01-18T14:19:11+00:00","breadcrumb":{"@id":"https:\/\/www.helengailey.com\/fr\/politique-en-matiere-de-cookies\/#breadcrumb"},"inLanguage":"fr-FR","potentialAction":[{"@type":"ReadAction","target":["https:\/\/www.helengailey.com\/fr\/politique-en-matiere-de-cookies\/"]}]},{"@type":"BreadcrumbList","@id":"https:\/\/www.helengailey.com\/fr\/politique-en-matiere-de-cookies\/#breadcrumb","itemListElement":[{"@type":"ListItem","position":1,"name":"Home","item":"https:\/\/www.helengailey.com\/fr\/qui-est-helen\/"},{"@type":"ListItem","position":2,"name":"Politique en mati\u00e8re de cookies"}]},{"@type":"WebSite","@id":"https:\/\/www.helengailey.com\/fr\/#website","url":"https:\/\/www.helengailey.com\/fr\/","name":"Helen Gailey","description":"Resilience. Experience. Becoming me.","publisher":{"@id":"https:\/\/www.helengailey.com\/fr\/#organization"},"potentialAction":[{"@type":"SearchAction","target":{"@type":"EntryPoint","urlTemplate":"https:\/\/www.helengailey.com\/fr\/?s={search_term_string}"},"query-input":{"@type":"PropertyValueSpecification","valueRequired":true,"valueName":"search_term_string"}}],"inLanguage":"fr-FR"},{"@type":"Organization","@id":"https:\/\/www.helengailey.com\/fr\/#organization","name":"Helen C Gailey","url":"https:\/\/www.helengailey.com\/fr\/","logo":{"@type":"ImageObject","inLanguage":"fr-FR","@id":"https:\/\/www.helengailey.com\/fr\/#\/schema\/logo\/image\/","url":"https:\/\/www.helengailey.com\/wp-content\/uploads\/revslider\/the7-coffee-slider-1\/helen-logo.png","contentUrl":"https:\/\/www.helengailey.com\/wp-content\/uploads\/revslider\/the7-coffee-slider-1\/helen-logo.png","width":603,"height":803,"caption":"Helen C Gailey"},"image":{"@id":"https:\/\/www.helengailey.com\/fr\/#\/schema\/logo\/image\/"},"sameAs":["https:\/\/www.facebook.com\/HelenGaileyConsulting","https:\/\/x.com\/HCGailey"]}]}},"_links":{"self":[{"href":"https:\/\/www.helengailey.com\/fr\/wp-json\/wp\/v2\/pages\/3389","targetHints":{"allow":["GET"]}}],"collection":[{"href":"https:\/\/www.helengailey.com\/fr\/wp-json\/wp\/v2\/pages"}],"about":[{"href":"https:\/\/www.helengailey.com\/fr\/wp-json\/wp\/v2\/types\/page"}],"author":[{"embeddable":true,"href":"https:\/\/www.helengailey.com\/fr\/wp-json\/wp\/v2\/users\/3"}],"replies":[{"embeddable":true,"href":"https:\/\/www.helengailey.com\/fr\/wp-json\/wp\/v2\/comments?post=3389"}],"version-history":[{"count":6,"href":"https:\/\/www.helengailey.com\/fr\/wp-json\/wp\/v2\/pages\/3389\/revisions"}],"predecessor-version":[{"id":4776,"href":"https:\/\/www.helengailey.com\/fr\/wp-json\/wp\/v2\/pages\/3389\/revisions\/4776"}],"wp:attachment":[{"href":"https:\/\/www.helengailey.com\/fr\/wp-json\/wp\/v2\/media?parent=3389"}],"curies":[{"name":"wp","href":"https:\/\/api.w.org\/{rel}","templated":true}]}}