{"id":2447,"date":"2020-10-28T14:27:08","date_gmt":"2020-10-28T13:27:08","guid":{"rendered":"https:\/\/www.helengailey.com\/projets\/"},"modified":"2024-01-18T15:21:13","modified_gmt":"2024-01-18T14:21:13","slug":"projets","status":"publish","type":"page","link":"https:\/\/www.helengailey.com\/fr\/projets\/","title":{"rendered":"Projets"},"content":{"rendered":"<p>[vc_row source=\u00a0\u00bb\u00a0\u00bb main_heading=\u00a0\u00bbSERVICES\u00a0\u00bb heading_tag=\u00a0\u00bbh2&Prime; main_heading_color=\u00a0\u00bb#f2e8e9&Prime; sub_heading_color=\u00a0\u00bb#000000&Prime; alignment=\u00a0\u00bbcenter\u00a0\u00bb spacer=\u00a0\u00bbline_only\u00a0\u00bb spacer_position=\u00a0\u00bbbottom\u00a0\u00bb spacer_img_width=\u00a0\u00bb48&Prime; line_style=\u00a0\u00bbsolid\u00a0\u00bb line_height=\u00a0\u00bb4&Prime; line_color=\u00a0\u00bb#aa0735&Prime; line_icon_fixer=\u00a0\u00bb10&Prime; main_heading_font_family=\u00a0\u00bbfont_family:|font_call:\u00a0\u00bb main_heading_style=\u00a0\u00bbfont-weight:700;\u00a0\u00bb main_heading_font_size=\u00a0\u00bbdesktop:130px;tablet:130px;tablet_portrait:110px;mobile_landscape:80px;mobile:60px;\u00a0\u00bb main_heading_line_height=\u00a0\u00bbdesktop:140px;tablet:140px;tablet_portrait:120px;mobile_landscape:90px;mobile:70px;\u00a0\u00bb sub_heading_font_family=\u00a0\u00bbfont_family:|font_call:\u00a0\u00bb sub_heading_style=\u00a0\u00bbfont-weight:700;\u00a0\u00bb sub_heading_font_size=\u00a0\u00bbdesktop:64px;tablet:36px;tablet_portrait:36px;mobile_landscape:36px;mobile:24px;\u00a0\u00bb sub_heading_line_height=\u00a0\u00bbdesktop:70px;tablet:42px;tablet_portrait:42px;mobile_landscape:42px;mobile:36px;\u00a0\u00bb sub_heading_margin=\u00a0\u00bbmargin-top:-86px;\u00a0\u00bb line_width=\u00a0\u00bb120&Prime; spacer_margin=\u00a0\u00bbmargin-top:5px;\u00a0\u00bb main_heading_typograpy=\u00a0\u00bb\u00a0\u00bb margin_design_tab_text=\u00a0\u00bb\u00a0\u00bb main_heading_margin=\u00a0\u00bb\u00a0\u00bb sub_heading_typograpy=\u00a0\u00bb\u00a0\u00bb spacer_img=\u00a0\u00bb\u00a0\u00bb][vc_column]<div id=\"ultimate-heading-15036a03a9300a818\" class=\"uvc-heading ult-adjust-bottom-margin ultimate-heading-15036a03a9300a818 uvc-3798 \" data-hspacer=\"line_only\"  data-halign=\"center\" style=\"text-align:center\"><div class=\"uvc-main-heading ult-responsive\"  data-ultimate-target='.uvc-heading.ultimate-heading-15036a03a9300a818 h2'  data-responsive-json-new='{\"font-size\":\"desktop:130px;tablet:130px;tablet_portrait:110px;mobile_landscape:80px;mobile:60px;\",\"line-height\":\"desktop:140px;tablet:140px;tablet_portrait:120px;mobile_landscape:90px;mobile:70px;\"}' ><h2 style=\"font-weight:700;color:#f2e8e9;\">PROJETS<\/h2><\/div><div class=\"uvc-sub-heading ult-responsive\"  data-ultimate-target='.uvc-heading.ultimate-heading-15036a03a9300a818 .uvc-sub-heading '  data-responsive-json-new='{\"font-size\":\"desktop:64px;tablet:36px;tablet_portrait:36px;mobile_landscape:36px;mobile:24px;\",\"line-height\":\"desktop:70px;tablet:42px;tablet_portrait:42px;mobile_landscape:42px;mobile:36px;\"}'  style=\"font-weight:700;color:#000000;margin-top:-86px;\">Accomplis<\/div><div class=\"uvc-heading-spacer line_only\" style=\"margin-top:5px;height:4px;\"><span class=\"uvc-headings-line\" style=\"border-style:solid;border-bottom-width:4px;border-color:#aa0735;width:120px;\"><\/span><\/div><\/div>[\/vc_column][\/vc_row][vc_row type=\u00a0\u00bbvc_default\u00a0\u00bb][vc_column][vc_empty_space][\/vc_column][\/vc_row]<\/p>\n","protected":false},"excerpt":{"rendered":"<p>[vc_row source=\u00a0\u00bb\u00a0\u00bb main_heading=\u00a0\u00bbSERVICES\u00a0\u00bb heading_tag=\u00a0\u00bbh2&Prime; main_heading_color=\u00a0\u00bb#f2e8e9&Prime; sub_heading_color=\u00a0\u00bb#000000&Prime; alignment=\u00a0\u00bbcenter\u00a0\u00bb spacer=\u00a0\u00bbline_only\u00a0\u00bb spacer_position=\u00a0\u00bbbottom\u00a0\u00bb spacer_img_width=\u00a0\u00bb48&Prime; line_style=\u00a0\u00bbsolid\u00a0\u00bb line_height=\u00a0\u00bb4&Prime; line_color=\u00a0\u00bb#aa0735&Prime; line_icon_fixer=\u00a0\u00bb10&Prime; main_heading_font_family=\u00a0\u00bbfont_family:|font_call:\u00a0\u00bb main_heading_style=\u00a0\u00bbfont-weight:700;\u00a0\u00bb main_heading_font_size=\u00a0\u00bbdesktop:130px;tablet:130px;tablet_portrait:110px;mobile_landscape:80px;mobile:60px;\u00a0\u00bb main_heading_line_height=\u00a0\u00bbdesktop:140px;tablet:140px;tablet_portrait:120px;mobile_landscape:90px;mobile:70px;\u00a0\u00bb sub_heading_font_family=\u00a0\u00bbfont_family:|font_call:\u00a0\u00bb sub_heading_style=\u00a0\u00bbfont-weight:700;\u00a0\u00bb sub_heading_font_size=\u00a0\u00bbdesktop:64px;tablet:36px;tablet_portrait:36px;mobile_landscape:36px;mobile:24px;\u00a0\u00bb sub_heading_line_height=\u00a0\u00bbdesktop:70px;tablet:42px;tablet_portrait:42px;mobile_landscape:42px;mobile:36px;\u00a0\u00bb sub_heading_margin=\u00a0\u00bbmargin-top:-86px;\u00a0\u00bb line_width=\u00a0\u00bb120&Prime; spacer_margin=\u00a0\u00bbmargin-top:5px;\u00a0\u00bb main_heading_typograpy=\u00a0\u00bb\u00a0\u00bb margin_design_tab_text=\u00a0\u00bb\u00a0\u00bb main_heading_margin=\u00a0\u00bb\u00a0\u00bb sub_heading_typograpy=\u00a0\u00bb\u00a0\u00bb spacer_img=\u00a0\u00bb\u00a0\u00bb][vc_column][\/vc_column][\/vc_row][vc_row type=\u00a0\u00bbvc_default\u00a0\u00bb][vc_column][vc_empty_space][\/vc_column][\/vc_row]<\/p>\n","protected":false},"author":2,"featured_media":0,"parent":0,"menu_order":0,"comment_status":"closed","ping_status":"closed","template":"template-portfolio-masonry.php","meta":{"footnotes":""},"class_list":["post-2447","page","type-page","status-publish","hentry","description-off"],"yoast_head":"<!-- This site is optimized with the Yoast SEO plugin v27.6 - https:\/\/yoast.com\/product\/yoast-seo-wordpress\/ -->\n<title>Projets - Helen Gailey<\/title>\n<meta name=\"description\" content=\"Helen a travaill\u00e9 sur divers projets, tant dans le domaine du logement que dans celui de la conception de sites web et des technologies de l&#039;information, o\u00f9 elle met en \u00e9vidence la v\u00e9ritable conception de la marque.\" \/>\n<meta name=\"robots\" content=\"index, follow, max-snippet:-1, max-image-preview:large, max-video-preview:-1\" \/>\n<link rel=\"canonical\" href=\"https:\/\/www.helengailey.com\/fr\/projets\/\" \/>\n<meta property=\"og:locale\" content=\"fr_FR\" \/>\n<meta property=\"og:type\" content=\"article\" \/>\n<meta property=\"og:title\" content=\"Projets - Helen Gailey\" \/>\n<meta property=\"og:description\" content=\"Helen a travaill\u00e9 sur divers projets, tant dans le domaine du logement que dans celui de la conception de sites web et des technologies de l&#039;information, o\u00f9 elle met en \u00e9vidence la v\u00e9ritable conception de la marque.\" \/>\n<meta property=\"og:url\" content=\"https:\/\/www.helengailey.com\/fr\/projets\/\" \/>\n<meta property=\"og:site_name\" content=\"Helen Gailey\" \/>\n<meta property=\"article:publisher\" content=\"https:\/\/www.facebook.com\/HelenGaileyConsulting\" \/>\n<meta property=\"article:modified_time\" content=\"2024-01-18T14:21:13+00:00\" \/>\n<meta property=\"og:image\" content=\"https:\/\/www.helengailey.com\/wp-content\/uploads\/2020\/11\/HelenGailey-1500x1000px.jpg\" \/>\n\t<meta property=\"og:image:width\" content=\"1500\" \/>\n\t<meta property=\"og:image:height\" content=\"1000\" \/>\n\t<meta property=\"og:image:type\" content=\"image\/jpeg\" \/>\n<meta name=\"twitter:card\" content=\"summary_large_image\" \/>\n<meta name=\"twitter:site\" content=\"@HCGailey\" \/>\n<meta name=\"twitter:label1\" content=\"Dur\u00e9e de lecture estim\u00e9e\" \/>\n\t<meta name=\"twitter:data1\" content=\"2 minutes\" \/>\n<script type=\"application\/ld+json\" class=\"yoast-schema-graph\">{\"@context\":\"https:\\\/\\\/schema.org\",\"@graph\":[{\"@type\":\"WebPage\",\"@id\":\"https:\\\/\\\/www.helengailey.com\\\/fr\\\/projets\\\/\",\"url\":\"https:\\\/\\\/www.helengailey.com\\\/fr\\\/projets\\\/\",\"name\":\"Projets - Helen Gailey\",\"isPartOf\":{\"@id\":\"https:\\\/\\\/www.helengailey.com\\\/fr\\\/#website\"},\"datePublished\":\"2020-10-28T13:27:08+00:00\",\"dateModified\":\"2024-01-18T14:21:13+00:00\",\"description\":\"Helen a travaill\u00e9 sur divers projets, tant dans le domaine du logement que dans celui de la conception de sites web et des technologies de l'information, o\u00f9 elle met en \u00e9vidence la v\u00e9ritable conception de la marque.\",\"breadcrumb\":{\"@id\":\"https:\\\/\\\/www.helengailey.com\\\/fr\\\/projets\\\/#breadcrumb\"},\"inLanguage\":\"fr-FR\",\"potentialAction\":[{\"@type\":\"ReadAction\",\"target\":[\"https:\\\/\\\/www.helengailey.com\\\/fr\\\/projets\\\/\"]}]},{\"@type\":\"BreadcrumbList\",\"@id\":\"https:\\\/\\\/www.helengailey.com\\\/fr\\\/projets\\\/#breadcrumb\",\"itemListElement\":[{\"@type\":\"ListItem\",\"position\":1,\"name\":\"Home\",\"item\":\"https:\\\/\\\/www.helengailey.com\\\/fr\\\/qui-est-helen\\\/\"},{\"@type\":\"ListItem\",\"position\":2,\"name\":\"Projets\"}]},{\"@type\":\"WebSite\",\"@id\":\"https:\\\/\\\/www.helengailey.com\\\/fr\\\/#website\",\"url\":\"https:\\\/\\\/www.helengailey.com\\\/fr\\\/\",\"name\":\"Helen Gailey\",\"description\":\"Resilience. Experience. Becoming me.\",\"publisher\":{\"@id\":\"https:\\\/\\\/www.helengailey.com\\\/fr\\\/#organization\"},\"potentialAction\":[{\"@type\":\"SearchAction\",\"target\":{\"@type\":\"EntryPoint\",\"urlTemplate\":\"https:\\\/\\\/www.helengailey.com\\\/fr\\\/?s={search_term_string}\"},\"query-input\":{\"@type\":\"PropertyValueSpecification\",\"valueRequired\":true,\"valueName\":\"search_term_string\"}}],\"inLanguage\":\"fr-FR\"},{\"@type\":\"Organization\",\"@id\":\"https:\\\/\\\/www.helengailey.com\\\/fr\\\/#organization\",\"name\":\"Helen C Gailey\",\"url\":\"https:\\\/\\\/www.helengailey.com\\\/fr\\\/\",\"logo\":{\"@type\":\"ImageObject\",\"inLanguage\":\"fr-FR\",\"@id\":\"https:\\\/\\\/www.helengailey.com\\\/fr\\\/#\\\/schema\\\/logo\\\/image\\\/\",\"url\":\"https:\\\/\\\/www.helengailey.com\\\/wp-content\\\/uploads\\\/revslider\\\/the7-coffee-slider-1\\\/helen-logo.png\",\"contentUrl\":\"https:\\\/\\\/www.helengailey.com\\\/wp-content\\\/uploads\\\/revslider\\\/the7-coffee-slider-1\\\/helen-logo.png\",\"width\":603,\"height\":803,\"caption\":\"Helen C Gailey\"},\"image\":{\"@id\":\"https:\\\/\\\/www.helengailey.com\\\/fr\\\/#\\\/schema\\\/logo\\\/image\\\/\"},\"sameAs\":[\"https:\\\/\\\/www.facebook.com\\\/HelenGaileyConsulting\",\"https:\\\/\\\/x.com\\\/HCGailey\"]}]}<\/script>\n<!-- \/ Yoast SEO plugin. -->","yoast_head_json":{"title":"Projets - Helen Gailey","description":"Helen a travaill\u00e9 sur divers projets, tant dans le domaine du logement que dans celui de la conception de sites web et des technologies de l'information, o\u00f9 elle met en \u00e9vidence la v\u00e9ritable conception de la marque.","robots":{"index":"index","follow":"follow","max-snippet":"max-snippet:-1","max-image-preview":"max-image-preview:large","max-video-preview":"max-video-preview:-1"},"canonical":"https:\/\/www.helengailey.com\/fr\/projets\/","og_locale":"fr_FR","og_type":"article","og_title":"Projets - Helen Gailey","og_description":"Helen a travaill\u00e9 sur divers projets, tant dans le domaine du logement que dans celui de la conception de sites web et des technologies de l'information, o\u00f9 elle met en \u00e9vidence la v\u00e9ritable conception de la marque.","og_url":"https:\/\/www.helengailey.com\/fr\/projets\/","og_site_name":"Helen Gailey","article_publisher":"https:\/\/www.facebook.com\/HelenGaileyConsulting","article_modified_time":"2024-01-18T14:21:13+00:00","og_image":[{"width":1500,"height":1000,"url":"https:\/\/www.helengailey.com\/wp-content\/uploads\/2020\/11\/HelenGailey-1500x1000px.jpg","type":"image\/jpeg"}],"twitter_card":"summary_large_image","twitter_site":"@HCGailey","twitter_misc":{"Dur\u00e9e de lecture estim\u00e9e":"2 minutes"},"schema":{"@context":"https:\/\/schema.org","@graph":[{"@type":"WebPage","@id":"https:\/\/www.helengailey.com\/fr\/projets\/","url":"https:\/\/www.helengailey.com\/fr\/projets\/","name":"Projets - Helen Gailey","isPartOf":{"@id":"https:\/\/www.helengailey.com\/fr\/#website"},"datePublished":"2020-10-28T13:27:08+00:00","dateModified":"2024-01-18T14:21:13+00:00","description":"Helen a travaill\u00e9 sur divers projets, tant dans le domaine du logement que dans celui de la conception de sites web et des technologies de l'information, o\u00f9 elle met en \u00e9vidence la v\u00e9ritable conception de la marque.","breadcrumb":{"@id":"https:\/\/www.helengailey.com\/fr\/projets\/#breadcrumb"},"inLanguage":"fr-FR","potentialAction":[{"@type":"ReadAction","target":["https:\/\/www.helengailey.com\/fr\/projets\/"]}]},{"@type":"BreadcrumbList","@id":"https:\/\/www.helengailey.com\/fr\/projets\/#breadcrumb","itemListElement":[{"@type":"ListItem","position":1,"name":"Home","item":"https:\/\/www.helengailey.com\/fr\/qui-est-helen\/"},{"@type":"ListItem","position":2,"name":"Projets"}]},{"@type":"WebSite","@id":"https:\/\/www.helengailey.com\/fr\/#website","url":"https:\/\/www.helengailey.com\/fr\/","name":"Helen Gailey","description":"Resilience. Experience. Becoming me.","publisher":{"@id":"https:\/\/www.helengailey.com\/fr\/#organization"},"potentialAction":[{"@type":"SearchAction","target":{"@type":"EntryPoint","urlTemplate":"https:\/\/www.helengailey.com\/fr\/?s={search_term_string}"},"query-input":{"@type":"PropertyValueSpecification","valueRequired":true,"valueName":"search_term_string"}}],"inLanguage":"fr-FR"},{"@type":"Organization","@id":"https:\/\/www.helengailey.com\/fr\/#organization","name":"Helen C Gailey","url":"https:\/\/www.helengailey.com\/fr\/","logo":{"@type":"ImageObject","inLanguage":"fr-FR","@id":"https:\/\/www.helengailey.com\/fr\/#\/schema\/logo\/image\/","url":"https:\/\/www.helengailey.com\/wp-content\/uploads\/revslider\/the7-coffee-slider-1\/helen-logo.png","contentUrl":"https:\/\/www.helengailey.com\/wp-content\/uploads\/revslider\/the7-coffee-slider-1\/helen-logo.png","width":603,"height":803,"caption":"Helen C Gailey"},"image":{"@id":"https:\/\/www.helengailey.com\/fr\/#\/schema\/logo\/image\/"},"sameAs":["https:\/\/www.facebook.com\/HelenGaileyConsulting","https:\/\/x.com\/HCGailey"]}]}},"_links":{"self":[{"href":"https:\/\/www.helengailey.com\/fr\/wp-json\/wp\/v2\/pages\/2447","targetHints":{"allow":["GET"]}}],"collection":[{"href":"https:\/\/www.helengailey.com\/fr\/wp-json\/wp\/v2\/pages"}],"about":[{"href":"https:\/\/www.helengailey.com\/fr\/wp-json\/wp\/v2\/types\/page"}],"author":[{"embeddable":true,"href":"https:\/\/www.helengailey.com\/fr\/wp-json\/wp\/v2\/users\/2"}],"replies":[{"embeddable":true,"href":"https:\/\/www.helengailey.com\/fr\/wp-json\/wp\/v2\/comments?post=2447"}],"version-history":[{"count":9,"href":"https:\/\/www.helengailey.com\/fr\/wp-json\/wp\/v2\/pages\/2447\/revisions"}],"predecessor-version":[{"id":4783,"href":"https:\/\/www.helengailey.com\/fr\/wp-json\/wp\/v2\/pages\/2447\/revisions\/4783"}],"wp:attachment":[{"href":"https:\/\/www.helengailey.com\/fr\/wp-json\/wp\/v2\/media?parent=2447"}],"curies":[{"name":"wp","href":"https:\/\/api.w.org\/{rel}","templated":true}]}}