{"id":1900,"date":"2016-08-01T08:24:02","date_gmt":"2016-08-01T07:24:02","guid":{"rendered":"https:\/\/www.helengailey.com\/contact\/"},"modified":"2021-02-18T15:17:19","modified_gmt":"2021-02-18T14:17:19","slug":"contact","status":"publish","type":"page","link":"https:\/\/www.helengailey.com\/fr\/contact\/","title":{"rendered":"Contact"},"content":{"rendered":"<p>[vc_row type=\u00a0\u00bbvc_default\u00a0\u00bb equal_height=\u00a0\u00bbyes\u00a0\u00bb css=\u00a0\u00bb.vc_custom_1605123338101{padding-right: 30px !important;padding-bottom: 30px !important;padding-left: 30px !important;}\u00a0\u00bb][vc_column css=\u00a0\u00bb.vc_custom_1605123315171{padding-top: 0px !important;padding-bottom: px !important;}\u00a0\u00bb]<div id=\"ultimate-heading-38036a03a0aff35b0\" class=\"uvc-heading ult-adjust-bottom-margin ultimate-heading-38036a03a0aff35b0 uvc-9399 \" data-hspacer=\"line_only\"  data-halign=\"center\" style=\"text-align:center\"><div class=\"uvc-main-heading ult-responsive\"  data-ultimate-target='.uvc-heading.ultimate-heading-38036a03a0aff35b0 h2'  data-responsive-json-new='{\"font-size\":\"desktop:130px;tablet:130px;tablet_portrait:110px;mobile_landscape:80px;mobile:60px;\",\"line-height\":\"desktop:140px;tablet:140px;tablet_portrait:120px;mobile_landscape:90px;mobile:70px;\"}' ><h2 style=\"font-weight:700;color:#f2e8e9;\">CONTACT<\/h2><\/div><div class=\"uvc-sub-heading ult-responsive\"  data-ultimate-target='.uvc-heading.ultimate-heading-38036a03a0aff35b0 .uvc-sub-heading '  data-responsive-json-new='{\"font-size\":\"desktop:64px;tablet:36px;tablet_portrait:36px;mobile_landscape:36px;mobile:24px;\",\"line-height\":\"desktop:70px;tablet:42px;tablet_portrait:42px;mobile_landscape:42px;mobile:36px;\"}'  style=\"font-weight:700;color:#000000;margin-top:-86px;\">Prenez contact<\/div><div class=\"uvc-heading-spacer line_only\" style=\"margin-top:5px;height:4px;\"><span class=\"uvc-headings-line\" style=\"border-style:solid;border-bottom-width:4px;border-color:#aa0735;width:120px;\"><\/span><\/div><\/div>[\/vc_column][\/vc_row][vc_row][vc_column width=\u00a0\u00bb1\/2&Prime;][vc_column_text]<\/p>\n<h3 style=\"text-align: center;\">Pour notre premi\u00e8re r\u00e9union, nous pouvons discuter au t\u00e9l\u00e9phone ou par vid\u00e9o (Whereby),<br \/>\nou me rejoindre \u00e0 Gland pour une promenade dans les bois.<\/h3>\n<h3 style=\"text-align: center;\">On peut discuter et respirer&#8230;<\/h3>\n<h3 style=\"text-align: center;\">et prendre ensuite un caf\u00e9 ou un th\u00e9&#8230;. selon le moment de la journ\u00e9e !<\/h3>\n<p>[\/vc_column_text][vc_empty_space][vc_row_inner equal_height=\u00a0\u00bbyes\u00a0\u00bb gap=\u00a0\u00bb10&Prime;][vc_column_inner width=\u00a0\u00bb1\/2&Prime;]<style type=\"text\/css\" data-type=\"the7_shortcodes-inline-css\">#default-btn-bee3d332ac193b8e593b68d6d83b67e0.ico-right-side > i {\n  margin-right: 0px;\n  margin-left: 8px;\n}\n#default-btn-bee3d332ac193b8e593b68d6d83b67e0 > i {\n  margin-right: 8px;\n}<\/style><div class=\"btn-align-center\"><a href=\"http:\/\/gailey.ch\/calendar\" class=\"default-btn-shortcode dt-btn dt-btn-m link-hover-off \" target=\"_blank\" id=\"default-btn-bee3d332ac193b8e593b68d6d83b67e0\" title=\"Helen's Calendar\" rel=\"noopener\"><i class=\"far fa-calendar\"><\/i><span>Reservez un RDV<\/span><\/a><\/div>[vc_empty_space]<style type=\"text\/css\" data-type=\"the7_shortcodes-inline-css\">#default-btn-2beece00114db6b7a8704ac5aba6e7ef.ico-right-side > i {\n  margin-right: 0px;\n  margin-left: 8px;\n}\n#default-btn-2beece00114db6b7a8704ac5aba6e7ef > i {\n  margin-right: 8px;\n}<\/style><div class=\"btn-align-center\"><a href=\"https:\/\/wa.me\/41797060303\" class=\"default-btn-shortcode dt-btn dt-btn-m link-hover-off \" id=\"default-btn-2beece00114db6b7a8704ac5aba6e7ef\" title=\"WhatsApp Helen\"><i class=\"fab fa-whatsapp\"><\/i><span>Envoyez un WhatsApp<\/span><\/a><\/div>[\/vc_column_inner][vc_column_inner width=\u00a0\u00bb1\/2&Prime;]<style type=\"text\/css\" data-type=\"the7_shortcodes-inline-css\">#default-btn-91747cee5268d5a2b412c4feb0c583f8.ico-right-side > i {\n  margin-right: 0px;\n  margin-left: 8px;\n}\n#default-btn-91747cee5268d5a2b412c4feb0c583f8 > i {\n  margin-right: 8px;\n}<\/style><div class=\"btn-align-center\"><a href=\"tel:+41797060303\" class=\"default-btn-shortcode dt-btn dt-btn-m link-hover-off \" id=\"default-btn-91747cee5268d5a2b412c4feb0c583f8\" title=\"Call Helen\"><i class=\"fas fa-phone\"><\/i><span>T\u00e9l: +41 79 706 0303<\/span><\/a><\/div>[vc_empty_space]<style type=\"text\/css\" data-type=\"the7_shortcodes-inline-css\">#default-btn-63ee055e71a523087c962fc85264fb2c.ico-right-side > i {\n  margin-right: 0px;\n  margin-left: 8px;\n}\n#default-btn-63ee055e71a523087c962fc85264fb2c > i {\n  margin-right: 8px;\n}<\/style><div class=\"btn-align-center\"><a href=\"http:\/\/gailey.ch\/room\" class=\"default-btn-shortcode dt-btn dt-btn-m link-hover-off \" target=\"_blank\" id=\"default-btn-63ee055e71a523087c962fc85264fb2c\" title=\"Start a Video Call\" rel=\"noopener\"><i class=\"fas fa-video\"><\/i><span>Demarrez Video<\/span><\/a><\/div>[\/vc_column_inner][\/vc_row_inner][\/vc_column][vc_column width=\u00a0\u00bb1\/2&Prime;][vc_row_inner equal_height=\u00a0\u00bbyes\u00a0\u00bb gap=\u00a0\u00bb5&Prime;][vc_column_inner width=\u00a0\u00bb1\/2&Prime;][vc_single_image image=\u00a0\u00bb1681&Prime; img_size=\u00a0\u00bb300&#215;400&Prime; alignment=\u00a0\u00bbcenter\u00a0\u00bb][\/vc_column_inner][vc_column_inner width=\u00a0\u00bb1\/2&Prime;][vc_single_image image=\u00a0\u00bb1679&Prime; img_size=\u00a0\u00bb300&#215;400&Prime; alignment=\u00a0\u00bbcenter\u00a0\u00bb][\/vc_column_inner][\/vc_row_inner][\/vc_column][\/vc_row][vc_row type=\u00a0\u00bbvc_default\u00a0\u00bb gap=\u00a0\u00bb10&Prime; equal_height=\u00a0\u00bbyes\u00a0\u00bb][vc_column width=\u00a0\u00bb1\/2&Prime;][vc_gmaps link=\u00a0\u00bb#E-8_JTNDaWZyYW1lJTIwc3JjJTNEJTIyaHR0cHMlM0ElMkYlMkZ3d3cuZ29vZ2xlLmNvbSUyRm1hcHMlMkZlbWJlZCUzRnBiJTNEJTIxMW0xNCUyMTFtOCUyMTFtMyUyMTFkMTEwMDAuMTI3Nzc4NTAwNjcxJTIxMmQ2LjI3ODU3NTQlMjEzZDQ2LjQyODI0NjQlMjEzbTIlMjExaTEwMjQlMjEyaTc2OCUyMTRmMTMuMSUyMTNtMyUyMTFtMiUyMTFzMHgwJTI1M0EweGZlYzM4YzVjZDBjYjViMWMlMjEyelNHVnNaVzdpZ0pseklFSnZlQSUyMTVlMCUyMTNtMiUyMTFzZW4lMjEyc2NoJTIxNHYxNjA0NzAxOTUxNDkxJTIxNW0yJTIxMXNlbiUyMTJzY2glMjIlMjB3aWR0aCUzRCUyMjQwMCUyMiUyMGhlaWdodCUzRCUyMjUwMCUyMiUyMGZyYW1lYm9yZGVyJTNEJTIyMCUyMiUyMHN0eWxlJTNEJTIyYm9yZGVyJTNBMCUzQiUyMiUyMGFsbG93ZnVsbHNjcmVlbiUzRCUyMiUyMiUyMGFyaWEtaGlkZGVuJTNEJTIyZmFsc2UlMjIlMjB0YWJpbmRleCUzRCUyMjAlMjIlM0UlM0MlMkZpZnJhbWUlM0U=\u00a0\u00bb title=\u00a0\u00bbVenez rendre visite \u00e0 Helen, BOX 50 \u00e0 Gland\u00a0\u00bb][\/vc_column][vc_column width=\u00a0\u00bb1\/2&Prime;][vc_custom_heading text=\u00a0\u00bbFormulaire de Contact.\u00a0\u00bb font_container=\u00a0\u00bbtag:h3|font_size:34|text_align:left\u00a0\u00bb use_theme_fonts=\u00a0\u00bbyes\u00a0\u00bb css=\u00a0\u00bb.vc_custom_1605062044608{margin-bottom: 20px !important;}\u00a0\u00bb][contact-form-7 id=\u00a0\u00bb1598&Prime;][\/vc_column][\/vc_row]<\/p>\n","protected":false},"excerpt":{"rendered":"<p>[vc_row type=\u00a0\u00bbvc_default\u00a0\u00bb equal_height=\u00a0\u00bbyes\u00a0\u00bb css=\u00a0\u00bb.vc_custom_1605123338101{padding-right: 30px !important;padding-bottom: 30px !important;padding-left: 30px !important;}\u00a0\u00bb][vc_column css=\u00a0\u00bb.vc_custom_1605123315171{padding-top: 0px !important;padding-bottom: px !important;}\u00a0\u00bb][\/vc_column][\/vc_row][vc_row][vc_column width=\u00a0\u00bb1\/2&Prime;][vc_column_text] Pour notre premi\u00e8re r\u00e9union, nous pouvons discuter au t\u00e9l\u00e9phone ou par vid\u00e9o (Whereby), ou me rejoindre \u00e0 Gland pour une promenade dans les bois. On peut discuter et respirer&#8230; et prendre ensuite un caf\u00e9 ou un th\u00e9&#8230;. selon le&hellip;<\/p>\n","protected":false},"author":1,"featured_media":0,"parent":0,"menu_order":3,"comment_status":"closed","ping_status":"closed","template":"","meta":{"footnotes":""},"class_list":["post-1900","page","type-page","status-publish","hentry","description-off"],"yoast_head":"<!-- This site is optimized with the Yoast SEO plugin v27.6 - https:\/\/yoast.com\/product\/yoast-seo-wordpress\/ -->\n<title>Contact - Helen Gailey<\/title>\n<meta name=\"robots\" content=\"index, follow, max-snippet:-1, max-image-preview:large, max-video-preview:-1\" \/>\n<link rel=\"canonical\" href=\"https:\/\/www.helengailey.com\/fr\/contact\/\" \/>\n<meta property=\"og:locale\" content=\"fr_FR\" \/>\n<meta property=\"og:type\" content=\"article\" \/>\n<meta property=\"og:title\" content=\"Contact - Helen Gailey\" \/>\n<meta property=\"og:description\" content=\"[vc_row type=\u00a0\u00bbvc_default\u00a0\u00bb equal_height=\u00a0\u00bbyes\u00a0\u00bb css=\u00a0\u00bb.vc_custom_1605123338101{padding-right: 30px !important;padding-bottom: 30px !important;padding-left: 30px !important;}\u00a0\u00bb][vc_column css=\u00a0\u00bb.vc_custom_1605123315171{padding-top: 0px !important;padding-bottom: px !important;}\u00a0\u00bb][\/vc_column][\/vc_row][vc_row][vc_column width=\u00a0\u00bb1\/2&Prime;][vc_column_text] Pour notre premi\u00e8re r\u00e9union, nous pouvons discuter au t\u00e9l\u00e9phone ou par vid\u00e9o (Whereby), ou me rejoindre \u00e0 Gland pour une promenade dans les bois. On peut discuter et respirer&#8230; et prendre ensuite un caf\u00e9 ou un th\u00e9&#8230;. selon le&hellip;\" \/>\n<meta property=\"og:url\" content=\"https:\/\/www.helengailey.com\/fr\/contact\/\" \/>\n<meta property=\"og:site_name\" content=\"Helen Gailey\" \/>\n<meta property=\"article:publisher\" content=\"https:\/\/www.facebook.com\/HelenGaileyConsulting\" \/>\n<meta property=\"article:modified_time\" content=\"2021-02-18T14:17:19+00:00\" \/>\n<meta property=\"og:image\" content=\"https:\/\/www.helengailey.com\/wp-content\/uploads\/2020\/11\/HelenGailey-1500x1000px.jpg\" \/>\n\t<meta property=\"og:image:width\" content=\"1500\" \/>\n\t<meta property=\"og:image:height\" content=\"1000\" \/>\n\t<meta property=\"og:image:type\" content=\"image\/jpeg\" \/>\n<meta name=\"twitter:card\" content=\"summary_large_image\" \/>\n<meta name=\"twitter:site\" content=\"@HCGailey\" \/>\n<meta name=\"twitter:label1\" content=\"Dur\u00e9e de lecture estim\u00e9e\" \/>\n\t<meta name=\"twitter:data1\" content=\"3 minutes\" \/>\n<script type=\"application\/ld+json\" class=\"yoast-schema-graph\">{\"@context\":\"https:\\\/\\\/schema.org\",\"@graph\":[{\"@type\":\"WebPage\",\"@id\":\"https:\\\/\\\/www.helengailey.com\\\/fr\\\/contact\\\/\",\"url\":\"https:\\\/\\\/www.helengailey.com\\\/fr\\\/contact\\\/\",\"name\":\"Contact - Helen Gailey\",\"isPartOf\":{\"@id\":\"https:\\\/\\\/www.helengailey.com\\\/fr\\\/#website\"},\"datePublished\":\"2016-08-01T07:24:02+00:00\",\"dateModified\":\"2021-02-18T14:17:19+00:00\",\"breadcrumb\":{\"@id\":\"https:\\\/\\\/www.helengailey.com\\\/fr\\\/contact\\\/#breadcrumb\"},\"inLanguage\":\"fr-FR\",\"potentialAction\":[{\"@type\":\"ReadAction\",\"target\":[\"https:\\\/\\\/www.helengailey.com\\\/fr\\\/contact\\\/\"]}]},{\"@type\":\"BreadcrumbList\",\"@id\":\"https:\\\/\\\/www.helengailey.com\\\/fr\\\/contact\\\/#breadcrumb\",\"itemListElement\":[{\"@type\":\"ListItem\",\"position\":1,\"name\":\"Home\",\"item\":\"https:\\\/\\\/www.helengailey.com\\\/fr\\\/qui-est-helen\\\/\"},{\"@type\":\"ListItem\",\"position\":2,\"name\":\"Contact\"}]},{\"@type\":\"WebSite\",\"@id\":\"https:\\\/\\\/www.helengailey.com\\\/fr\\\/#website\",\"url\":\"https:\\\/\\\/www.helengailey.com\\\/fr\\\/\",\"name\":\"Helen Gailey\",\"description\":\"Resilience. Experience. Becoming me.\",\"publisher\":{\"@id\":\"https:\\\/\\\/www.helengailey.com\\\/fr\\\/#organization\"},\"potentialAction\":[{\"@type\":\"SearchAction\",\"target\":{\"@type\":\"EntryPoint\",\"urlTemplate\":\"https:\\\/\\\/www.helengailey.com\\\/fr\\\/?s={search_term_string}\"},\"query-input\":{\"@type\":\"PropertyValueSpecification\",\"valueRequired\":true,\"valueName\":\"search_term_string\"}}],\"inLanguage\":\"fr-FR\"},{\"@type\":\"Organization\",\"@id\":\"https:\\\/\\\/www.helengailey.com\\\/fr\\\/#organization\",\"name\":\"Helen C Gailey\",\"url\":\"https:\\\/\\\/www.helengailey.com\\\/fr\\\/\",\"logo\":{\"@type\":\"ImageObject\",\"inLanguage\":\"fr-FR\",\"@id\":\"https:\\\/\\\/www.helengailey.com\\\/fr\\\/#\\\/schema\\\/logo\\\/image\\\/\",\"url\":\"https:\\\/\\\/www.helengailey.com\\\/wp-content\\\/uploads\\\/revslider\\\/the7-coffee-slider-1\\\/helen-logo.png\",\"contentUrl\":\"https:\\\/\\\/www.helengailey.com\\\/wp-content\\\/uploads\\\/revslider\\\/the7-coffee-slider-1\\\/helen-logo.png\",\"width\":603,\"height\":803,\"caption\":\"Helen C Gailey\"},\"image\":{\"@id\":\"https:\\\/\\\/www.helengailey.com\\\/fr\\\/#\\\/schema\\\/logo\\\/image\\\/\"},\"sameAs\":[\"https:\\\/\\\/www.facebook.com\\\/HelenGaileyConsulting\",\"https:\\\/\\\/x.com\\\/HCGailey\"]}]}<\/script>\n<!-- \/ Yoast SEO plugin. -->","yoast_head_json":{"title":"Contact - Helen Gailey","robots":{"index":"index","follow":"follow","max-snippet":"max-snippet:-1","max-image-preview":"max-image-preview:large","max-video-preview":"max-video-preview:-1"},"canonical":"https:\/\/www.helengailey.com\/fr\/contact\/","og_locale":"fr_FR","og_type":"article","og_title":"Contact - Helen Gailey","og_description":"[vc_row type=\u00a0\u00bbvc_default\u00a0\u00bb equal_height=\u00a0\u00bbyes\u00a0\u00bb css=\u00a0\u00bb.vc_custom_1605123338101{padding-right: 30px !important;padding-bottom: 30px !important;padding-left: 30px !important;}\u00a0\u00bb][vc_column css=\u00a0\u00bb.vc_custom_1605123315171{padding-top: 0px !important;padding-bottom: px !important;}\u00a0\u00bb][\/vc_column][\/vc_row][vc_row][vc_column width=\u00a0\u00bb1\/2&Prime;][vc_column_text] Pour notre premi\u00e8re r\u00e9union, nous pouvons discuter au t\u00e9l\u00e9phone ou par vid\u00e9o (Whereby), ou me rejoindre \u00e0 Gland pour une promenade dans les bois. On peut discuter et respirer&#8230; et prendre ensuite un caf\u00e9 ou un th\u00e9&#8230;. selon le&hellip;","og_url":"https:\/\/www.helengailey.com\/fr\/contact\/","og_site_name":"Helen Gailey","article_publisher":"https:\/\/www.facebook.com\/HelenGaileyConsulting","article_modified_time":"2021-02-18T14:17:19+00:00","og_image":[{"width":1500,"height":1000,"url":"https:\/\/www.helengailey.com\/wp-content\/uploads\/2020\/11\/HelenGailey-1500x1000px.jpg","type":"image\/jpeg"}],"twitter_card":"summary_large_image","twitter_site":"@HCGailey","twitter_misc":{"Dur\u00e9e de lecture estim\u00e9e":"3 minutes"},"schema":{"@context":"https:\/\/schema.org","@graph":[{"@type":"WebPage","@id":"https:\/\/www.helengailey.com\/fr\/contact\/","url":"https:\/\/www.helengailey.com\/fr\/contact\/","name":"Contact - Helen Gailey","isPartOf":{"@id":"https:\/\/www.helengailey.com\/fr\/#website"},"datePublished":"2016-08-01T07:24:02+00:00","dateModified":"2021-02-18T14:17:19+00:00","breadcrumb":{"@id":"https:\/\/www.helengailey.com\/fr\/contact\/#breadcrumb"},"inLanguage":"fr-FR","potentialAction":[{"@type":"ReadAction","target":["https:\/\/www.helengailey.com\/fr\/contact\/"]}]},{"@type":"BreadcrumbList","@id":"https:\/\/www.helengailey.com\/fr\/contact\/#breadcrumb","itemListElement":[{"@type":"ListItem","position":1,"name":"Home","item":"https:\/\/www.helengailey.com\/fr\/qui-est-helen\/"},{"@type":"ListItem","position":2,"name":"Contact"}]},{"@type":"WebSite","@id":"https:\/\/www.helengailey.com\/fr\/#website","url":"https:\/\/www.helengailey.com\/fr\/","name":"Helen Gailey","description":"Resilience. Experience. Becoming me.","publisher":{"@id":"https:\/\/www.helengailey.com\/fr\/#organization"},"potentialAction":[{"@type":"SearchAction","target":{"@type":"EntryPoint","urlTemplate":"https:\/\/www.helengailey.com\/fr\/?s={search_term_string}"},"query-input":{"@type":"PropertyValueSpecification","valueRequired":true,"valueName":"search_term_string"}}],"inLanguage":"fr-FR"},{"@type":"Organization","@id":"https:\/\/www.helengailey.com\/fr\/#organization","name":"Helen C Gailey","url":"https:\/\/www.helengailey.com\/fr\/","logo":{"@type":"ImageObject","inLanguage":"fr-FR","@id":"https:\/\/www.helengailey.com\/fr\/#\/schema\/logo\/image\/","url":"https:\/\/www.helengailey.com\/wp-content\/uploads\/revslider\/the7-coffee-slider-1\/helen-logo.png","contentUrl":"https:\/\/www.helengailey.com\/wp-content\/uploads\/revslider\/the7-coffee-slider-1\/helen-logo.png","width":603,"height":803,"caption":"Helen C Gailey"},"image":{"@id":"https:\/\/www.helengailey.com\/fr\/#\/schema\/logo\/image\/"},"sameAs":["https:\/\/www.facebook.com\/HelenGaileyConsulting","https:\/\/x.com\/HCGailey"]}]}},"_links":{"self":[{"href":"https:\/\/www.helengailey.com\/fr\/wp-json\/wp\/v2\/pages\/1900","targetHints":{"allow":["GET"]}}],"collection":[{"href":"https:\/\/www.helengailey.com\/fr\/wp-json\/wp\/v2\/pages"}],"about":[{"href":"https:\/\/www.helengailey.com\/fr\/wp-json\/wp\/v2\/types\/page"}],"author":[{"embeddable":true,"href":"https:\/\/www.helengailey.com\/fr\/wp-json\/wp\/v2\/users\/1"}],"replies":[{"embeddable":true,"href":"https:\/\/www.helengailey.com\/fr\/wp-json\/wp\/v2\/comments?post=1900"}],"version-history":[{"count":17,"href":"https:\/\/www.helengailey.com\/fr\/wp-json\/wp\/v2\/pages\/1900\/revisions"}],"predecessor-version":[{"id":2310,"href":"https:\/\/www.helengailey.com\/fr\/wp-json\/wp\/v2\/pages\/1900\/revisions\/2310"}],"wp:attachment":[{"href":"https:\/\/www.helengailey.com\/fr\/wp-json\/wp\/v2\/media?parent=1900"}],"curies":[{"name":"wp","href":"https:\/\/api.w.org\/{rel}","templated":true}]}}